{"id":10,"date":"2026-04-06T16:25:40","date_gmt":"2026-04-06T14:25:40","guid":{"rendered":"https:\/\/charminghomes.titanit.casasoft.ch\/?page_id=10"},"modified":"2026-04-17T13:28:06","modified_gmt":"2026-04-17T11:28:06","slug":"verkauf","status":"publish","type":"page","link":"https:\/\/charminghomes.titanit.casasoft.ch\/de\/verkauf\/","title":{"rendered":"Verkauf"},"content":{"rendered":"\n<div \n     class=\"\n        content-wrapper \n        content-wrapper--padding-top-none        content-wrapper--padding-bottom-none \n        content-wrapper--background-color-white \n         \n         \n         \n         \n                \n        banner-slider        \n    \">\n    <div class=\"content-wrapper__anchor\" id=\"\"><\/div>\n    <div class=\"container-fluid \" style=\"margin-top: px; margin-bottom: px;\">\n        <div class=\"acf-innerblocks-container\">\n\n<div \n    class=\"image-module  content-block \">\n    <\/div>\n\n<\/div>\n    <\/div>\n<\/div>\n\n\n<div \n     class=\"\n        content-wrapper \n        content-wrapper--padding-top-default        content-wrapper--padding-bottom-default \n        content-wrapper--background-color-white \n         \n         \n         \n         \n                \n                \n    \">\n    <div class=\"content-wrapper__anchor\" id=\"\"><\/div>\n    <div class=\"container \" style=\"margin-top: px; margin-bottom: px;\">\n        <div class=\"acf-innerblocks-container\">\n\n<div class=\"wp-block-columns is-layout-flex wp-container-core-columns-is-layout-28f84493 wp-block-columns-is-layout-flex\">\n<div class=\"wp-block-column is-layout-flow wp-block-column-is-layout-flow\" style=\"flex-basis:16%\"><\/div>\n\n\n\n<div class=\"wp-block-column is-layout-flow wp-block-column-is-layout-flow\"><div class=\"text-module content-block\">\n            <div class=\"text-module__text cs-text-thin \"> \n            <h4>Wir begleiten Sie<\/h4>\n<h1>Professioneller Immobilienverkauf<\/h1>\n        <\/div>\n        <\/div>\n\n\n<div class=\"text-module content-block\">\n            <div class=\"text-module__text cs-text-thin  text-module__text--offset \"> \n            <p>Dies ist ein Typoblindtext. An ihm kann man sehen, ob alle Buchstaben da sind und wie sie aussehen. Manchmal benutzt man Worte wie Hamburgefonts, Rafgenduks oder Handgloves, um Schriften zu testen. Manchmal S\u00e4tze, die alle Buchstaben des Alphabets enthalten &#8211; man nennt diese S\u00e4tze \u00bbPangrams\u00ab.<\/p>\n        <\/div>\n        <\/div>\n<\/div>\n\n\n\n<div class=\"wp-block-column is-layout-flow wp-block-column-is-layout-flow\" style=\"flex-basis:16%\"><\/div>\n<\/div>\n\n<\/div>\n    <\/div>\n<\/div>\n\n\n<div \n     class=\"\n        content-wrapper \n        content-wrapper--padding-top-default        content-wrapper--padding-bottom-default \n        content-wrapper--background-color-light \n         \n         \n         \n         \n                image-module-spacer\n                \n    \">\n    <div class=\"content-wrapper__anchor\" id=\"\"><\/div>\n    <div class=\"container \" style=\"margin-top: px; margin-bottom: px;\">\n        <div class=\"acf-innerblocks-container\">\n\n<div class=\"wp-block-columns is-layout-flex wp-container-core-columns-is-layout-28f84493 wp-block-columns-is-layout-flex\">\n<div class=\"wp-block-column is-layout-flow wp-block-column-is-layout-flow\">\n<div \n    class=\"image-module  content-block \">\n    <\/div>\n<\/div>\n\n\n\n<div class=\"wp-block-column is-layout-flow wp-block-column-is-layout-flow\" style=\"flex-basis:8%\"><\/div>\n\n\n\n<div class=\"wp-block-column is-layout-flow wp-block-column-is-layout-flow\" style=\"flex-basis:42%\"><div class=\"text-module content-block\">\n            <div class=\"text-module__text cs-text-thin \"> \n            <h4>Vermietung<\/h4>\n<h2>Das brauchts f\u00fcr eine perfekte Vermarktung<\/h2>\n<ul>\n<li>Ein Nachteil liegt jedoch darin begr\u00fcndet, dass im Lateinischen bestimmte Buchstaben h\u00e4ufiger und andere seltener vorkommen.<br \/>\nWas ein anderes Druckbild erzeugt. <\/li>\n<li>Zudem werden im Lateinischen nur Satzanf\u00e4nge gro\u00df geschrieben, so dass Lorem ipsum die generelle Substantivgro\u00dfschreibung der deutschen Sprache nicht abbilden kann.<\/li>\n<li>\nAls visueller Platzhalter f\u00fcr deutschsprachige Texte ist Lorem ipsum demzufolge nur begrenzt geeignet.<\/li>\n<li>\nSollen Blindtexte dazu dienen, die Eigenheiten der Schriftarten zu vergleichen, so kann es auch sinnvoll sein, Texte zu w\u00e4hlen.\t<\/li>\n<li>Die m\u00f6glichst alle Buchstaben und Sonderzeichen verwenden, die f\u00fcr die jeweilige Sprache typisch sind.<\/li>\n<\/ul>\n        <\/div>\n        <\/div>\n<\/div>\n<\/div>\n\n<\/div>\n    <\/div>\n<\/div>\n\n\n<div \n     class=\"\n        content-wrapper \n        content-wrapper--padding-top-default        content-wrapper--padding-bottom-default \n        content-wrapper--background-color-white \n         \n         \n         \n         \n                \n                \n    \">\n    <div class=\"content-wrapper__anchor\" id=\"\"><\/div>\n    <div class=\"container \" style=\"margin-top: px; margin-bottom: px;\">\n        <div class=\"acf-innerblocks-container\">\n\n<div class=\"wp-block-columns is-layout-flex wp-container-core-columns-is-layout-28f84493 wp-block-columns-is-layout-flex\">\n<div class=\"wp-block-column is-layout-flow wp-block-column-is-layout-flow\" style=\"flex-basis:16%\"><\/div>\n\n\n\n<div class=\"wp-block-column is-layout-flow wp-block-column-is-layout-flow\"><div class=\"text-module content-block\">\n            <div class=\"text-module__text cs-text-thin \"> \n            <h2>Der Immobilienverkauf ist so individuell wie Sie<\/h2>\n        <\/div>\n        <\/div>\n\n\n<div class=\"text-module content-block\">\n            <div class=\"text-module__text cs-text-thin  text-module__text--offset \"> \n            <p>Dies ist ein Typoblindtext. An ihm kann man sehen, ob alle Buchstaben da sind und wie sie aussehen. Manchmal benutzt man Worte wie Hamburgefonts, Rafgenduks oder Handgloves, um Schriften zu testen. Manchmal S\u00e4tze, die alle Buchstaben des Alphabets enthalten &#8211; man nennt diese S\u00e4tze \u00bbPangrams\u00ab. Sehr bekannt ist dieser: The quick brown fox jumps over the lazy old dog. Oft werden in Typoblindtexte auch fremdsprachige Satzteile eingebaut (AVAIL\u00ae and Wefox\u2122 are testing aussi la Kerning), um die Wirkung in anderen Sprachen zu testen.<\/p>\n        <\/div>\n        <\/div>\n<\/div>\n\n\n\n<div class=\"wp-block-column is-layout-flow wp-block-column-is-layout-flow\" style=\"flex-basis:16%\"><\/div>\n<\/div>\n\n<\/div>\n    <\/div>\n<\/div>\n\n\n<div \n     class=\"\n        content-wrapper \n        content-wrapper--padding-top-default        content-wrapper--padding-bottom-default \n        content-wrapper--background-color-light \n         \n         \n         \n         \n                \n                \n    \">\n    <div class=\"content-wrapper__anchor\" id=\"\"><\/div>\n    <div class=\"container \" style=\"margin-top: px; margin-bottom: px;\">\n        <div class=\"acf-innerblocks-container\">\n\n<div class=\"wp-block-columns is-layout-flex wp-container-core-columns-is-layout-28f84493 wp-block-columns-is-layout-flex\">\n<div class=\"wp-block-column is-layout-flow wp-block-column-is-layout-flow\" style=\"flex-basis:16%\"><\/div>\n\n\n\n<div class=\"wp-block-column is-layout-flow wp-block-column-is-layout-flow\"><div class=\"text-module content-block\">\n            <div class=\"text-module__text cs-text-thin \"> \n            <h2>Haben Sie eine Immobilien zu verkaufen?<\/h2>\n        <\/div>\n                        \n                        \n\t\n\t\n\n\n\t<form action=\"https&#x3A;&#x2F;&#x2F;charminghomes.titanit.casasoft.ch&#x2F;de&#x2F;verkauf&#x2F;&#x23;casawpPropertyContactForm\" method=\"POST\" name=\"contact\" id=\"casawpPropertyContactForm\" class=\"casawp-contactform-form\">\t<input type=\"hidden\" name=\"form_id\" value=\"normal\">\t<input type=\"hidden\" id=\"_wpnonce\" name=\"_wpnonce\" value=\"6c2a9f4b3c\" \/><input type=\"hidden\" name=\"_wp_http_referer\" value=\"\/de\/wp-json\/wp\/v2\/pages\/10\" \/>\t<input id=\"theApsoluteRealEmailField\" type=\"text\" name=\"email\" value=\"\" placeholder=\"NlChT8 AuSf$lLeN\">\n\n\t<div class=\"casawp-gender-radios\">\n\t\t\n<div class=\"form-group  \">\n\t<label for=\"contactFormgender\" class=\"control-label\">Anrede<\/label>\n\t<label><input type=\"radio\" name=\"gender\" class=\"form-control&#x20;casawp-form-control&#x20;\" id=\"contactFormgender\" value=\"2\" checked=\"checked\">Frau<\/label><label><input type=\"radio\" name=\"gender\" class=\"form-control&#x20;casawp-form-control&#x20;\" value=\"1\">Herr<\/label>\t<\/div>\t<\/div>\n\t<div class=\"row\">\n\t\t<div class=\"col-lg-6\">\n\t\t\t\n<div class=\"form-group is-required \">\n\t<label for=\"contactFormfirstname\" class=\"control-label\">Vorname<\/label>\n\t<input type=\"text\" name=\"firstname\" required=\"required\" class=\"form-control&#x20;casawp-form-control&#x20;\" id=\"contactFormfirstname\" value=\"\">\t<\/div>\t\t<\/div>\n\t\t<div class=\"col-lg-6\">\n\t\t\t\n<div class=\"form-group is-required \">\n\t<label for=\"contactFormlastname\" class=\"control-label\">Nachname<\/label>\n\t<input type=\"text\" name=\"lastname\" required=\"required\" class=\"form-control&#x20;casawp-form-control&#x20;\" id=\"contactFormlastname\" value=\"\">\t<\/div>\t\t<\/div>\n\t<\/div>\n\t\n<div class=\"form-group  \">\n\t<label for=\"contactFormlegal_name\" class=\"control-label\">Firma<\/label>\n\t<input type=\"text\" name=\"legal_name\" class=\"form-control&#x20;casawp-form-control&#x20;\" id=\"contactFormlegal_name\" value=\"\">\t<\/div>\t\n<div class=\"form-group is-required \">\n\t<label for=\"contactFormstreet\" class=\"control-label\">Strasse<\/label>\n\t<input type=\"text\" name=\"street\" required=\"required\" class=\"form-control&#x20;casawp-form-control&#x20;\" id=\"contactFormstreet\" value=\"\">\t<\/div>\t<div class=\"row\">\n\t\t<div class=\"col-lg-6\">\n\t\t\t\n<div class=\"form-group is-required \">\n\t<label for=\"contactFormpostal_code\" class=\"control-label\">PLZ<\/label>\n\t<input type=\"text\" name=\"postal_code\" required=\"required\" class=\"form-control&#x20;casawp-form-control&#x20;\" id=\"contactFormpostal_code\" value=\"\">\t<\/div>\t\t<\/div>\n\t\t<div class=\"col-lg-6\">\n\t\t\t\n<div class=\"form-group is-required \">\n\t<label for=\"contactFormlocality\" class=\"control-label\">Ort<\/label>\n\t<input type=\"text\" name=\"locality\" required=\"required\" class=\"form-control&#x20;casawp-form-control&#x20;\" id=\"contactFormlocality\" value=\"\">\t<\/div>\t\t<\/div>\n\t<\/div>\n\t<div class=\"row\">\n\t\t<div class=\"col-lg-12\">\n\t\t\t\n<div class=\"form-group  \">\n\t<label for=\"contactFormcountry\" class=\"control-label\">Land<\/label>\n\t<select name=\"country\" class=\"form-control&#x20;casawp-form-control&#x20;\" id=\"contactFormcountry\"><option value=\"CH\">Schweiz<\/option>\n<option value=\"AL\">Albanien<\/option>\n<option value=\"AD\">Andorra<\/option>\n<option value=\"BE\">Belgien<\/option>\n<option value=\"BA\">Bosnien und Herzegowina<\/option>\n<option value=\"BG\">Bulgarien<\/option>\n<option value=\"DE\">Deutschland<\/option>\n<option value=\"DK\">D\u00e4nemark<\/option>\n<option value=\"EE\">Estland<\/option>\n<option value=\"FI\">Finnland<\/option>\n<option value=\"FR\">Frankreich<\/option>\n<option value=\"FO\">F\u00e4r\u00f6er<\/option>\n<option value=\"GI\">Gibraltar<\/option>\n<option value=\"GR\">Griechenland<\/option>\n<option value=\"IM\">Insel Man<\/option>\n<option value=\"IE\">Irland, Republik<\/option>\n<option value=\"IS\">Island<\/option>\n<option value=\"IT\">Italien<\/option>\n<option value=\"HR\">Kroatien<\/option>\n<option value=\"LV\">Lettland<\/option>\n<option value=\"LI\">Liechtenstein, F\u00fcrstentum<\/option>\n<option value=\"LT\">Litauen<\/option>\n<option value=\"LU\">Luxemburg<\/option>\n<option value=\"MT\">Malta<\/option>\n<option value=\"MK\">Mazedonien<\/option>\n<option value=\"MD\">Moldawien<\/option>\n<option value=\"MC\">Monaco<\/option>\n<option value=\"NL\">Niederlande<\/option>\n<option value=\"NO\">Norwegen<\/option>\n<option value=\"PL\">Polen<\/option>\n<option value=\"PT\">Portugal<\/option>\n<option value=\"RO\">Rum\u00e4nien<\/option>\n<option value=\"RU\">Russische F\u00f6deration<\/option>\n<option value=\"SM\">San Marino<\/option>\n<option value=\"SE\">Schweden<\/option>\n<option value=\"RS\">Serbien<\/option>\n<option value=\"ME\">Serbien und Montenegro<\/option>\n<option value=\"SK\">Slowakei<\/option>\n<option value=\"SI\">Slowenien<\/option>\n<option value=\"ES\">Spanien<\/option>\n<option value=\"CZ\">Tschechische Republik<\/option>\n<option value=\"UA\">Ukraine<\/option>\n<option value=\"HU\">Ungarn<\/option>\n<option value=\"VA\">Vatikanstadt<\/option>\n<option value=\"AE\">Vereinigte Arabische Emirate<\/option>\n<option value=\"GB\">Vereinigtes K\u00f6nigreich von Gro\u00dfbritannien und Nordirland<\/option>\n<option value=\"BY\">Wei\u00dfrussland<\/option>\n<option value=\"CY\">Zypern, Republik<\/option>\n<option value=\"AT\">\u00d6sterreich<\/option>\n<option value=\"other\">Sonstige<\/option><\/select>\t<\/div>\t\t\t<div class=\"select-icon\">\n\t\t\t\t<svg width=\"16\" height=\"16\" viewBox=\"0 0 16 16\" fill=\"none\" xmlns=\"http:\/\/www.w3.org\/2000\/svg\">\n\t\t\t\t\t<path d=\"M1 8C1 11.866 4.13401 15 8 15C11.866 15 15 11.866 15 8C15 4.13401 11.866 1 8 1C4.13401 1 1 4.13401 1 8Z\" stroke=\"#3F3F3F\" stroke-linecap=\"round\" stroke-linejoin=\"round\"\/>\n\t\t\t\t\t<path d=\"M4.04343 5.86987L7.75651 10.7359C7.78491 10.7731 7.82152 10.8033 7.86348 10.824C7.90545 10.8448 7.95164 10.8556 7.99846 10.8556C8.04529 10.8556 8.09148 10.8448 8.13344 10.824C8.17541 10.8033 8.21202 10.7731 8.24042 10.7359L11.9565 5.86987\" stroke=\"#3F3F3F\" stroke-linecap=\"round\" stroke-linejoin=\"round\"\/>\n\t\t\t\t<\/svg>\n\t\t\t<\/div>\n\t\t<\/div>\n\t<\/div>\n\t<div class=\"row\">\n\t\t<div class=\"col-lg-6\">\n\t\t\t\n<div class=\"form-group is-required \">\n\t<label for=\"contactFormemailreal\" class=\"control-label\">E-Mail<\/label>\n\t<input type=\"text\" name=\"emailreal\" required=\"required\" class=\"form-control&#x20;casawp-form-control&#x20;\" id=\"contactFormemailreal\" value=\"\">\t<\/div>\t\t<\/div>\n\t\t<div class=\"col-lg-6\">\n\t\t\t\n<div class=\"form-group is-required \">\n\t<label for=\"contactFormphone\" class=\"control-label\">Telefon<\/label>\n\t<input type=\"text\" name=\"phone\" required=\"required\" class=\"form-control&#x20;casawp-form-control&#x20;\" id=\"contactFormphone\" value=\"\">\t<\/div>\t\t<\/div>\n\t<\/div>\n\t\t\n<div class=\"form-group is-required \">\n\t<label for=\"contactFormmessage\" class=\"control-label\">Nachricht<\/label>\n\t<textarea name=\"message\" rows=\"3\" required=\"required\" class=\"form-control&#x20;casawp-form-control&#x20;\" id=\"contactFormmessage\"><\/textarea>\t<\/div>\n\t\n\n\t\t\t\t\t<div class=\"row\">\n\t\t\t<div class=\"col-12\">\n\t\t\t\t<div class=\"casawp-checkbox\">\n\t\t\t\t\t<div class=\"form-group is-required \">\n\t\t\t\t\t\t<label for=\"contactFormdataprotection\" class=\"control-label\">\n\t\t\t\t\t\t\tIch akzeptiere die allgemeinen Gesch\u00e4ftsbedingungen und stimme den Datenschutzbestimmungen zu.\t\t\t\t\t\t<\/label>\n\t\t\t\t\t\t<input type=\"checkbox\" name=\"extra_data[Allgemeine Gesch\u00e4ftsbedingungen:]\" required=\"required\" class=\"form-control casawp-form-control \" id=\"contactFormdataprotection\" value=\"Einverst\u00e4ndnis mit den allgemeinen Gesch\u00e4ftsbedingungen\">\t\n\t\t\t\t\t<\/div>\t\t\t\t\n\t\t\t\t<\/div>\n\t\t\t<\/div>\n\t\t<\/div>\n\t\n\t\t\t<div class=\"g-recaptcha-v3\" data-sitekey=\"6LdTsbssAAAAAL9cCTjQTq96b3qpDDP_rPoWmQTM\"><\/div>\n\t\t<script src=\"https:\/\/www.google.com\/recaptcha\/api.js?render=6LdTsbssAAAAAL9cCTjQTq96b3qpDDP_rPoWmQTM\"><\/script>\n\t\t<input type=\"hidden\" id=\"gRecaptchaResponse\" name=\"g-recaptcha-response\">\n\t\t<script>\n\t\t\twindow.captchaKey = '6LdTsbssAAAAAL9cCTjQTq96b3qpDDP_rPoWmQTM';\n\t\t<\/script>\n\t\t<script>\n\n\t\t\tvar form = document.getElementById(\"casawpPropertyContactForm\");\n\n\t\t\tform.addEventListener('submit', event => {\n\t\t\t\tevent.preventDefault()\n\t\t\t\tvalidate(form)\n\t\t\t});\n\n\t\t\tfunction validate(form) {\n\t\t\t\tgetRecaptchaToken(form)\n\t\t\t}\n\n\t\t\tfunction getRecaptchaToken(form) {\n\t\t\t\tgrecaptcha.ready(function() {\n\t\t\t\t\tgrecaptcha.execute(window.captchaKey, {action: 'casawpPropertyContactForm'}).then(function(token) {\n\t\t\t\t\t\tgRecaptchaResponse.value = token \/\/set the value of the hidden field\n\t\t\t\t\t\tform.submit() \/\/submit the form\n\t\t\t\t\t});\n\t\t\t\t});\n\t\t\t}\n\t\n\t\t<\/script>\n\t\n\n    <div class=\"casawp-contactform-send-wrapper\">\n\t\t<button class=\"casawp-contactform-send btn btn-primary\" type=\"submit\">\n\t\t\t<span>\n\t\t\t\tSenden\t\t\t<\/span>\t\t\t\n\t\t<\/button>\n    <\/div>\n\n\n\t<\/form>\n                <\/div>\n\n\n<div class=\"text-module content-block\">\n        <\/div>\n<\/div>\n\n\n\n<div class=\"wp-block-column is-layout-flow wp-block-column-is-layout-flow\" style=\"flex-basis:16%\"><\/div>\n<\/div>\n\n<\/div>\n    <\/div>\n<\/div>","protected":false},"excerpt":{"rendered":"","protected":false},"author":1,"featured_media":0,"parent":0,"menu_order":0,"comment_status":"closed","ping_status":"closed","template":"","meta":{"_acf_changed":false,"inline_featured_image":false,"footnotes":""},"class_list":["post-10","page","type-page","status-publish","hentry"],"acf":[],"_links":{"self":[{"href":"https:\/\/charminghomes.titanit.casasoft.ch\/de\/wp-json\/wp\/v2\/pages\/10","targetHints":{"allow":["GET"]}}],"collection":[{"href":"https:\/\/charminghomes.titanit.casasoft.ch\/de\/wp-json\/wp\/v2\/pages"}],"about":[{"href":"https:\/\/charminghomes.titanit.casasoft.ch\/de\/wp-json\/wp\/v2\/types\/page"}],"author":[{"embeddable":true,"href":"https:\/\/charminghomes.titanit.casasoft.ch\/de\/wp-json\/wp\/v2\/users\/1"}],"replies":[{"embeddable":true,"href":"https:\/\/charminghomes.titanit.casasoft.ch\/de\/wp-json\/wp\/v2\/comments?post=10"}],"version-history":[{"count":0,"href":"https:\/\/charminghomes.titanit.casasoft.ch\/de\/wp-json\/wp\/v2\/pages\/10\/revisions"}],"wp:attachment":[{"href":"https:\/\/charminghomes.titanit.casasoft.ch\/de\/wp-json\/wp\/v2\/media?parent=10"}],"curies":[{"name":"wp","href":"https:\/\/api.w.org\/{rel}","templated":true}]}}